{"id":5075,"date":"2025-03-11T19:24:25","date_gmt":"2025-03-11T18:24:25","guid":{"rendered":"https:\/\/www.restaurant-plagehulot.com\/brasserie\/?page_id=5075"},"modified":"2026-04-16T08:02:44","modified_gmt":"2026-04-16T07:02:44","slug":"tapas","status":"publish","type":"page","link":"https:\/\/www.restaurant-plagehulot.com\/brasserie\/index.php\/tapas\/","title":{"rendered":"TAPAS &#038; CR\u00caPES"},"content":{"rendered":"\n<div class=\"wp-block-cover alignfull wp-duotone-unset-2\" style=\"margin-top:0;margin-bottom:0;padding-top:var(--wp--preset--spacing--50);padding-right:var(--wp--preset--spacing--50);padding-bottom:var(--wp--preset--spacing--50);padding-left:var(--wp--preset--spacing--50);min-height:100vh;aspect-ratio:unset;\"><img loading=\"lazy\" decoding=\"async\" width=\"1080\" height=\"1511\" class=\"wp-block-cover__image-background wp-image-5098\" alt=\"\" src=\"https:\/\/www.restaurant-plagehulot.com\/brasserie\/wp-content\/uploads\/2025\/03\/Restaurant-Plage-de-Monsieur-Hulot_025.jpg\" data-object-fit=\"cover\" srcset=\"https:\/\/www.restaurant-plagehulot.com\/brasserie\/wp-content\/uploads\/2025\/03\/Restaurant-Plage-de-Monsieur-Hulot_025.jpg 1080w, https:\/\/www.restaurant-plagehulot.com\/brasserie\/wp-content\/uploads\/2025\/03\/Restaurant-Plage-de-Monsieur-Hulot_025-214x300.jpg 214w, https:\/\/www.restaurant-plagehulot.com\/brasserie\/wp-content\/uploads\/2025\/03\/Restaurant-Plage-de-Monsieur-Hulot_025-732x1024.jpg 732w, https:\/\/www.restaurant-plagehulot.com\/brasserie\/wp-content\/uploads\/2025\/03\/Restaurant-Plage-de-Monsieur-Hulot_025-768x1074.jpg 768w\" sizes=\"auto, (max-width: 1080px) 100vw, 1080px\" \/><span aria-hidden=\"true\" class=\"wp-block-cover__background has-custom-color-1-background-color has-background-dim-60 has-background-dim\"><\/span><div class=\"wp-block-cover__inner-container has-global-padding is-layout-constrained wp-container-core-cover-is-layout-b25ccd55 wp-block-cover-is-layout-constrained\">\n<p class=\"has-text-align-center has-xx-large-font-size\">TAPAS \u00c0 PARTAGER<\/p>\n\n\n\n<p class=\"has-text-align-center\"><\/p>\n\n\n\n<p class=\"has-text-align-center\"><strong>PLANCHE DE CHARCUTERIES<br><\/strong><em>P\u00e2t\u00e9 breton, saucisson sec, jambon de pays, rosette, chorizo, lomo accompagn\u00e9e de pain et beurre<\/em>.<br><em>19,00\u20ac<\/em><\/p>\n\n\n\n<p class=\"has-text-align-center\"><strong><strong>PLANCHE MIXTE FROMAGES\/CHARCUTERIES<\/strong><br><\/strong><em><em>accompagn\u00e9e de pain et beurre<\/em><\/em> \u2026\u2026.. <em>24,00\u20ac<\/em><br><\/p>\n\n\n\n<p class=\"has-text-align-center\"><strong>RILLETTES DE POISSON <\/strong> <\/p>\n\n\n\n<p class=\"has-text-align-center\"><em>\u00e0 l&rsquo;aneth et ses croutons <\/em><br><em>9,50\u20ac<\/em><\/p>\n\n\n\n<p class=\"has-text-align-center\"><\/p>\n\n\n\n<p class=\"has-text-align-center\"><strong>SAMOUSSAS VIANDES OU LEGUMES<\/strong> <br><em>6 pi\u00e8ces <\/em><br><em>9,00\u20ac<\/em><\/p>\n\n\n\n<p class=\"has-text-align-center\"><strong>TZATZIKI<\/strong> <br><em>et ses croutons <\/em><br><em>8,50\u20ac<\/em><\/p>\n\n\n\n<p class=\"has-text-align-center\"><strong>ASSORTIMENT DE TAPENADES<\/strong> <br><em>et ses croutons <\/em><br><em>9,50\u20ac<\/em><\/p>\n\n\n\n<p class=\"has-text-align-center\"><strong>ACCRAS DE MORUE ET AIOLI MAISON<\/strong> <br><em>12,00\u20ac<\/em><\/p>\n\n\n\n<p class=\"has-text-align-center\"><strong>CROUSTY POULET ET SA SAUCE COCKTAIL<\/strong> <br><em>9,50\u20ac<\/em><\/p>\n\n\n\n<p class=\"has-text-align-center\"><strong>LA MAXI PLANCHE<\/strong><br><em>charcuteries, fromages, crousty poulet, accras de morue, samoussas de viandes et de l\u00e9gumes, accompagn\u00e9e de pain beurre et sauc<\/em>e<br> <em>52.00\u20ac<\/em><br><\/p>\n\n\n\n<div class=\"wp-block-buttons is-content-justification-center is-layout-flex wp-container-core-buttons-is-layout-a89b3969 wp-block-buttons-is-layout-flex\">\n<div class=\"wp-block-button is-style-outline is-style-outline--1\"><a class=\"wp-block-button__link has-base-color has-custom-color-2-background-color has-text-color has-background has-link-color has-medium-font-size has-text-align-center has-custom-font-size wp-element-button\" href=\"tel:33240917617\" style=\"border-style:none;border-width:0px;border-radius:100px\"><strong>R\u00c9SERVEZ<\/strong><br>02 40 91 76 17<\/a><\/div>\n<\/div>\n<\/div><\/div>\n\n\n\n<p class=\"has-text-align-left has-xx-large-font-size\"><strong>CR\u00caPES<\/strong><\/p>\n\n\n\n<p class=\"has-medium-font-size\"><em>Servies uniquement au bar de plage<\/em><\/p>\n\n\n\n<p class=\"has-text-align-center\"><strong>SUCRE<\/strong><br><em>3,80\u20ac<\/em><\/p>\n\n\n\n<p class=\"has-text-align-center\">NUTELLA \/ CARAMEL \/ FRUITS ROUGES \/ SP\u00c9CULOOS<br><em>4,50\u20ac<\/em><\/p>\n\n\n\n<p class=\"has-text-align-center\"><strong>MAXI CR\u00caPE<\/strong><br><em>Nutella, glace 2 boules vanille, chantilly<\/em><br><em>10,00<\/em>\u20ac<\/p>\n\n\n\n<p class=\"has-text-align-left has-xx-large-font-size\"><strong>GAUFRES<\/strong><\/p>\n\n\n\n<p class=\"has-text-align-center\"><strong>SUCRE <\/strong><br><em>4,80<\/em>\u20ac<\/p>\n\n\n\n<p class=\"has-text-align-center\">NUTELLA \/ CARAMEL \/ FRUITS ROUGES \/ SP\u00c9CULOOS<br><em>5,50\u20ac<\/em><\/p>\n\n\n\n<p class=\"has-text-align-center\"><strong>MAXI GAUFRE<\/strong><br><em>Nutella, glace 2 boules vanille, chantilly <br>11,00\u20ac<\/em><\/p>\n\n\n\n<p class=\"has-text-align-left has-xx-large-font-size\"><strong>GLACES<\/strong><\/p>\n\n\n\n<p class=\"has-text-align-center\">En c\u00f4ne \/ Magnum \/ Enfants<br><em>voir ardoise<\/em><br><em>1 boule 3,00\u20ac \/ 2 boules 6,00\u20ac \/ 3 boules 8,00\u20ac<\/em><\/p>\n\n\n\n<p class=\"has-text-align-center\"><strong>Parfums : <\/strong><em>vanille, chocolat, caramel, pistache,<br>caf\u00e9, noix de coco, citron, fraise, framboise, cassis,<br>poire, rhum, raison, passion, pomme, menthe, chocolat.<\/em><\/p>\n\n\n\n<hr class=\"wp-block-separator has-text-color has-custom-color-2-color has-alpha-channel-opacity has-custom-color-2-background-color has-background is-style-default\" style=\"margin-top:var(--wp--preset--spacing--40);margin-bottom:var(--wp--preset--spacing--40)\"\/>\n\n\n\n<div class=\"wp-block-buttons is-content-justification-center is-layout-flex wp-container-core-buttons-is-layout-a89b3969 wp-block-buttons-is-layout-flex\">\n<div class=\"wp-block-button\"><a class=\"wp-block-button__link has-custom-color-2-background-color has-background has-medium-font-size has-custom-font-size wp-element-button\" href=\"#TOP\" style=\"padding-top:var(--wp--preset--spacing--40);padding-bottom:var(--wp--preset--spacing--40)\">\u2191<\/a><\/div>\n<\/div>\n\n\n\n<ul class=\"wp-block-social-links aligncenter has-icon-color has-icon-background-color is-layout-flex wp-block-social-links-is-layout-flex\"><li style=\"color:#FFFFFF;background-color:#000;\" class=\"wp-social-link wp-social-link-facebook has-base-color has-custom-color-1-background-color wp-block-social-link\"><a href=\"https:\/\/www.facebook.com\/Restaurantplagehulot\" class=\"wp-block-social-link-anchor\"><svg width=\"24\" height=\"24\" viewBox=\"0 0 24 24\" version=\"1.1\" xmlns=\"http:\/\/www.w3.org\/2000\/svg\" aria-hidden=\"true\" focusable=\"false\"><path d=\"M12 2C6.5 2 2 6.5 2 12c0 5 3.7 9.1 8.4 9.9v-7H7.9V12h2.5V9.8c0-2.5 1.5-3.9 3.8-3.9 1.1 0 2.2.2 2.2.2v2.5h-1.3c-1.2 0-1.6.8-1.6 1.6V12h2.8l-.4 2.9h-2.3v7C18.3 21.1 22 17 22 12c0-5.5-4.5-10-10-10z\"><\/path><\/svg><span class=\"wp-block-social-link-label screen-reader-text\">Facebook<\/span><\/a><\/li>\n\n<li style=\"color:#FFFFFF;background-color:#000;\" class=\"wp-social-link wp-social-link-instagram has-base-color has-custom-color-1-background-color wp-block-social-link\"><a href=\"https:\/\/www.instagram.com\/laplagedemhulot\/\" class=\"wp-block-social-link-anchor\"><svg width=\"24\" height=\"24\" viewBox=\"0 0 24 24\" version=\"1.1\" xmlns=\"http:\/\/www.w3.org\/2000\/svg\" aria-hidden=\"true\" focusable=\"false\"><path d=\"M12,4.622c2.403,0,2.688,0.009,3.637,0.052c0.877,0.04,1.354,0.187,1.671,0.31c0.42,0.163,0.72,0.358,1.035,0.673 c0.315,0.315,0.51,0.615,0.673,1.035c0.123,0.317,0.27,0.794,0.31,1.671c0.043,0.949,0.052,1.234,0.052,3.637 s-0.009,2.688-0.052,3.637c-0.04,0.877-0.187,1.354-0.31,1.671c-0.163,0.42-0.358,0.72-0.673,1.035 c-0.315,0.315-0.615,0.51-1.035,0.673c-0.317,0.123-0.794,0.27-1.671,0.31c-0.949,0.043-1.233,0.052-3.637,0.052 s-2.688-0.009-3.637-0.052c-0.877-0.04-1.354-0.187-1.671-0.31c-0.42-0.163-0.72-0.358-1.035-0.673 c-0.315-0.315-0.51-0.615-0.673-1.035c-0.123-0.317-0.27-0.794-0.31-1.671C4.631,14.688,4.622,14.403,4.622,12 s0.009-2.688,0.052-3.637c0.04-0.877,0.187-1.354,0.31-1.671c0.163-0.42,0.358-0.72,0.673-1.035 c0.315-0.315,0.615-0.51,1.035-0.673c0.317-0.123,0.794-0.27,1.671-0.31C9.312,4.631,9.597,4.622,12,4.622 M12,3 C9.556,3,9.249,3.01,8.289,3.054C7.331,3.098,6.677,3.25,6.105,3.472C5.513,3.702,5.011,4.01,4.511,4.511 c-0.5,0.5-0.808,1.002-1.038,1.594C3.25,6.677,3.098,7.331,3.054,8.289C3.01,9.249,3,9.556,3,12c0,2.444,0.01,2.751,0.054,3.711 c0.044,0.958,0.196,1.612,0.418,2.185c0.23,0.592,0.538,1.094,1.038,1.594c0.5,0.5,1.002,0.808,1.594,1.038 c0.572,0.222,1.227,0.375,2.185,0.418C9.249,20.99,9.556,21,12,21s2.751-0.01,3.711-0.054c0.958-0.044,1.612-0.196,2.185-0.418 c0.592-0.23,1.094-0.538,1.594-1.038c0.5-0.5,0.808-1.002,1.038-1.594c0.222-0.572,0.375-1.227,0.418-2.185 C20.99,14.751,21,14.444,21,12s-0.01-2.751-0.054-3.711c-0.044-0.958-0.196-1.612-0.418-2.185c-0.23-0.592-0.538-1.094-1.038-1.594 c-0.5-0.5-1.002-0.808-1.594-1.038c-0.572-0.222-1.227-0.375-2.185-0.418C14.751,3.01,14.444,3,12,3L12,3z M12,7.378 c-2.552,0-4.622,2.069-4.622,4.622S9.448,16.622,12,16.622s4.622-2.069,4.622-4.622S14.552,7.378,12,7.378z M12,15 c-1.657,0-3-1.343-3-3s1.343-3,3-3s3,1.343,3,3S13.657,15,12,15z M16.804,6.116c-0.596,0-1.08,0.484-1.08,1.08 s0.484,1.08,1.08,1.08c0.596,0,1.08-0.484,1.08-1.08S17.401,6.116,16.804,6.116z\"><\/path><\/svg><span class=\"wp-block-social-link-label screen-reader-text\">Instagram<\/span><\/a><\/li><\/ul>\n","protected":false},"excerpt":{"rendered":"<p>CR\u00caPES Servies uniquement au bar de plage SUCRE3,80\u20ac NUTELLA \/ CARAMEL \/ FRUITS ROUGES \/ SP\u00c9CULOOS4,50\u20ac MAXI CR\u00caPENutella, glace 2 boules vanille, chantilly10,00\u20ac GAUFRES SUCRE 4,80\u20ac NUTELLA \/ CARAMEL \/ FRUITS ROUGES \/ SP\u00c9CULOOS5,50\u20ac MAXI GAUFRENutella, glace 2 boules vanille, chantilly 11,00\u20ac GLACES En c\u00f4ne \/ Magnum \/ Enfantsvoir ardoise1 boule 3,00\u20ac \/ 2 boules [&hellip;]<\/p>\n","protected":false},"author":1,"featured_media":0,"parent":0,"menu_order":0,"comment_status":"closed","ping_status":"closed","template":"","meta":{"footnotes":""},"class_list":["post-5075","page","type-page","status-publish","hentry"],"yoast_head":"<!-- This site is optimized with the Yoast SEO plugin v27.4 - https:\/\/yoast.com\/product\/yoast-seo-wordpress\/ -->\n<title>TAPAS &amp; CR\u00caPES - RESTAURANT &amp; BAR DE PLAGE Saint-Marc-Sur-Mer<\/title>\n<meta name=\"description\" content=\"Carte des tapas au Restaurant, brasserie et bar de plage LA PLAGE DE MONSIEUR HULOT vue mer et terrasses sur la plage la plage de St-Marc\/Mer\" \/>\n<meta name=\"robots\" content=\"index, follow, max-snippet:-1, max-image-preview:large, max-video-preview:-1\" \/>\n<link rel=\"canonical\" href=\"https:\/\/www.restaurant-plagehulot.com\/brasserie\/index.php\/tapas\/\" \/>\n<meta property=\"og:locale\" content=\"fr_FR\" \/>\n<meta property=\"og:type\" content=\"article\" \/>\n<meta property=\"og:title\" content=\"TAPAS &amp; CR\u00caPES - RESTAURANT &amp; BAR DE PLAGE Saint-Marc-Sur-Mer\" \/>\n<meta property=\"og:description\" content=\"Carte des tapas au Restaurant, brasserie et bar de plage LA PLAGE DE MONSIEUR HULOT vue mer et terrasses sur la plage la plage de St-Marc\/Mer\" \/>\n<meta property=\"og:url\" content=\"https:\/\/www.restaurant-plagehulot.com\/brasserie\/index.php\/tapas\/\" \/>\n<meta property=\"og:site_name\" content=\"RESTAURANT &amp; BAR DE PLAGE\" \/>\n<meta property=\"article:publisher\" content=\"https:\/\/www.facebook.com\/La-Plage-de-Monsieur-HULOT-1657765484498165\/?ref=hl\" \/>\n<meta property=\"article:modified_time\" content=\"2026-04-16T07:02:44+00:00\" \/>\n<meta property=\"og:image\" content=\"https:\/\/www.restaurant-plagehulot.com\/brasserie\/wp-content\/uploads\/2025\/03\/Restaurant-Plage-de-Monsieur-Hulot_025.jpg\" \/>\n\t<meta property=\"og:image:width\" content=\"1080\" \/>\n\t<meta property=\"og:image:height\" content=\"1511\" \/>\n\t<meta property=\"og:image:type\" content=\"image\/jpeg\" \/>\n<meta name=\"twitter:card\" content=\"summary_large_image\" \/>\n<meta name=\"twitter:label1\" content=\"Dur\u00e9e de lecture estim\u00e9e\" \/>\n\t<meta name=\"twitter:data1\" content=\"2 minutes\" \/>\n<script type=\"application\/ld+json\" class=\"yoast-schema-graph\">{\"@context\":\"https:\\\/\\\/schema.org\",\"@graph\":[{\"@type\":\"WebPage\",\"@id\":\"https:\\\/\\\/www.restaurant-plagehulot.com\\\/brasserie\\\/index.php\\\/tapas\\\/\",\"url\":\"https:\\\/\\\/www.restaurant-plagehulot.com\\\/brasserie\\\/index.php\\\/tapas\\\/\",\"name\":\"TAPAS & CR\u00caPES - RESTAURANT &amp; BAR DE PLAGE Saint-Marc-Sur-Mer\",\"isPartOf\":{\"@id\":\"https:\\\/\\\/www.restaurant-plagehulot.com\\\/brasserie\\\/#website\"},\"primaryImageOfPage\":{\"@id\":\"https:\\\/\\\/www.restaurant-plagehulot.com\\\/brasserie\\\/index.php\\\/tapas\\\/#primaryimage\"},\"image\":{\"@id\":\"https:\\\/\\\/www.restaurant-plagehulot.com\\\/brasserie\\\/index.php\\\/tapas\\\/#primaryimage\"},\"thumbnailUrl\":\"https:\\\/\\\/www.restaurant-plagehulot.com\\\/brasserie\\\/wp-content\\\/uploads\\\/2025\\\/03\\\/Restaurant-Plage-de-Monsieur-Hulot_025.jpg\",\"datePublished\":\"2025-03-11T18:24:25+00:00\",\"dateModified\":\"2026-04-16T07:02:44+00:00\",\"description\":\"Carte des tapas au Restaurant, brasserie et bar de plage LA PLAGE DE MONSIEUR HULOT vue mer et terrasses sur la plage la plage de St-Marc\\\/Mer\",\"breadcrumb\":{\"@id\":\"https:\\\/\\\/www.restaurant-plagehulot.com\\\/brasserie\\\/index.php\\\/tapas\\\/#breadcrumb\"},\"inLanguage\":\"fr-FR\",\"potentialAction\":[{\"@type\":\"ReadAction\",\"target\":[\"https:\\\/\\\/www.restaurant-plagehulot.com\\\/brasserie\\\/index.php\\\/tapas\\\/\"]}]},{\"@type\":\"ImageObject\",\"inLanguage\":\"fr-FR\",\"@id\":\"https:\\\/\\\/www.restaurant-plagehulot.com\\\/brasserie\\\/index.php\\\/tapas\\\/#primaryimage\",\"url\":\"https:\\\/\\\/www.restaurant-plagehulot.com\\\/brasserie\\\/wp-content\\\/uploads\\\/2025\\\/03\\\/Restaurant-Plage-de-Monsieur-Hulot_025.jpg\",\"contentUrl\":\"https:\\\/\\\/www.restaurant-plagehulot.com\\\/brasserie\\\/wp-content\\\/uploads\\\/2025\\\/03\\\/Restaurant-Plage-de-Monsieur-Hulot_025.jpg\",\"width\":1080,\"height\":1511,\"caption\":\"Restaurant, Brasserie, Bar de Plage dans le vrai H\u00d4TEL DE LA PLAGE \u00e0 Saint-Marc-Sur-Mer, Saint-Nazaire\"},{\"@type\":\"BreadcrumbList\",\"@id\":\"https:\\\/\\\/www.restaurant-plagehulot.com\\\/brasserie\\\/index.php\\\/tapas\\\/#breadcrumb\",\"itemListElement\":[{\"@type\":\"ListItem\",\"position\":1,\"name\":\"Home\",\"item\":\"https:\\\/\\\/www.restaurant-plagehulot.com\\\/brasserie\\\/\"},{\"@type\":\"ListItem\",\"position\":2,\"name\":\"TAPAS &#038; CR\u00caPES\"}]},{\"@type\":\"WebSite\",\"@id\":\"https:\\\/\\\/www.restaurant-plagehulot.com\\\/brasserie\\\/#website\",\"url\":\"https:\\\/\\\/www.restaurant-plagehulot.com\\\/brasserie\\\/\",\"name\":\"Restaurant Brasserie Bar de plage La Plage de M. HULOT Saint Nazaire\",\"description\":\"Restaurant | Brasserie | Bar de Plage LA PLAGE DE MONSIEUR HULOT - St-Marc\\\/Mer - St. Nazaire\",\"publisher\":{\"@id\":\"https:\\\/\\\/www.restaurant-plagehulot.com\\\/brasserie\\\/#organization\"},\"alternateName\":\"Restaurant-plagehulot\",\"potentialAction\":[{\"@type\":\"SearchAction\",\"target\":{\"@type\":\"EntryPoint\",\"urlTemplate\":\"https:\\\/\\\/www.restaurant-plagehulot.com\\\/brasserie\\\/?s={search_term_string}\"},\"query-input\":{\"@type\":\"PropertyValueSpecification\",\"valueRequired\":true,\"valueName\":\"search_term_string\"}}],\"inLanguage\":\"fr-FR\"},{\"@type\":\"Organization\",\"@id\":\"https:\\\/\\\/www.restaurant-plagehulot.com\\\/brasserie\\\/#organization\",\"name\":\"SARL GOUIN\",\"alternateName\":\"Restaurant LA PLAGE DE MONSIEUR HULOT\",\"url\":\"https:\\\/\\\/www.restaurant-plagehulot.com\\\/brasserie\\\/\",\"logo\":{\"@type\":\"ImageObject\",\"inLanguage\":\"fr-FR\",\"@id\":\"https:\\\/\\\/www.restaurant-plagehulot.com\\\/brasserie\\\/#\\\/schema\\\/logo\\\/image\\\/\",\"url\":\"https:\\\/\\\/www.restaurant-plagehulot.com\\\/brasserie\\\/wp-content\\\/uploads\\\/2025\\\/03\\\/25_Logo_Hulot_02.png\",\"contentUrl\":\"https:\\\/\\\/www.restaurant-plagehulot.com\\\/brasserie\\\/wp-content\\\/uploads\\\/2025\\\/03\\\/25_Logo_Hulot_02.png\",\"width\":600,\"height\":600,\"caption\":\"SARL GOUIN\"},\"image\":{\"@id\":\"https:\\\/\\\/www.restaurant-plagehulot.com\\\/brasserie\\\/#\\\/schema\\\/logo\\\/image\\\/\"},\"sameAs\":[\"https:\\\/\\\/www.facebook.com\\\/La-Plage-de-Monsieur-HULOT-1657765484498165\\\/?ref=hl\",\"https:\\\/\\\/www.instagram.com\\\/laplagedemhulot\\\/\"]}]}<\/script>\n<!-- \/ Yoast SEO plugin. -->","yoast_head_json":{"title":"TAPAS & CR\u00caPES - RESTAURANT &amp; BAR DE PLAGE Saint-Marc-Sur-Mer","description":"Carte des tapas au Restaurant, brasserie et bar de plage LA PLAGE DE MONSIEUR HULOT vue mer et terrasses sur la plage la plage de St-Marc\/Mer","robots":{"index":"index","follow":"follow","max-snippet":"max-snippet:-1","max-image-preview":"max-image-preview:large","max-video-preview":"max-video-preview:-1"},"canonical":"https:\/\/www.restaurant-plagehulot.com\/brasserie\/index.php\/tapas\/","og_locale":"fr_FR","og_type":"article","og_title":"TAPAS & CR\u00caPES - RESTAURANT &amp; BAR DE PLAGE Saint-Marc-Sur-Mer","og_description":"Carte des tapas au Restaurant, brasserie et bar de plage LA PLAGE DE MONSIEUR HULOT vue mer et terrasses sur la plage la plage de St-Marc\/Mer","og_url":"https:\/\/www.restaurant-plagehulot.com\/brasserie\/index.php\/tapas\/","og_site_name":"RESTAURANT &amp; BAR DE PLAGE","article_publisher":"https:\/\/www.facebook.com\/La-Plage-de-Monsieur-HULOT-1657765484498165\/?ref=hl","article_modified_time":"2026-04-16T07:02:44+00:00","og_image":[{"width":1080,"height":1511,"url":"https:\/\/www.restaurant-plagehulot.com\/brasserie\/wp-content\/uploads\/2025\/03\/Restaurant-Plage-de-Monsieur-Hulot_025.jpg","type":"image\/jpeg"}],"twitter_card":"summary_large_image","twitter_misc":{"Dur\u00e9e de lecture estim\u00e9e":"2 minutes"},"schema":{"@context":"https:\/\/schema.org","@graph":[{"@type":"WebPage","@id":"https:\/\/www.restaurant-plagehulot.com\/brasserie\/index.php\/tapas\/","url":"https:\/\/www.restaurant-plagehulot.com\/brasserie\/index.php\/tapas\/","name":"TAPAS & CR\u00caPES - RESTAURANT &amp; BAR DE PLAGE Saint-Marc-Sur-Mer","isPartOf":{"@id":"https:\/\/www.restaurant-plagehulot.com\/brasserie\/#website"},"primaryImageOfPage":{"@id":"https:\/\/www.restaurant-plagehulot.com\/brasserie\/index.php\/tapas\/#primaryimage"},"image":{"@id":"https:\/\/www.restaurant-plagehulot.com\/brasserie\/index.php\/tapas\/#primaryimage"},"thumbnailUrl":"https:\/\/www.restaurant-plagehulot.com\/brasserie\/wp-content\/uploads\/2025\/03\/Restaurant-Plage-de-Monsieur-Hulot_025.jpg","datePublished":"2025-03-11T18:24:25+00:00","dateModified":"2026-04-16T07:02:44+00:00","description":"Carte des tapas au Restaurant, brasserie et bar de plage LA PLAGE DE MONSIEUR HULOT vue mer et terrasses sur la plage la plage de St-Marc\/Mer","breadcrumb":{"@id":"https:\/\/www.restaurant-plagehulot.com\/brasserie\/index.php\/tapas\/#breadcrumb"},"inLanguage":"fr-FR","potentialAction":[{"@type":"ReadAction","target":["https:\/\/www.restaurant-plagehulot.com\/brasserie\/index.php\/tapas\/"]}]},{"@type":"ImageObject","inLanguage":"fr-FR","@id":"https:\/\/www.restaurant-plagehulot.com\/brasserie\/index.php\/tapas\/#primaryimage","url":"https:\/\/www.restaurant-plagehulot.com\/brasserie\/wp-content\/uploads\/2025\/03\/Restaurant-Plage-de-Monsieur-Hulot_025.jpg","contentUrl":"https:\/\/www.restaurant-plagehulot.com\/brasserie\/wp-content\/uploads\/2025\/03\/Restaurant-Plage-de-Monsieur-Hulot_025.jpg","width":1080,"height":1511,"caption":"Restaurant, Brasserie, Bar de Plage dans le vrai H\u00d4TEL DE LA PLAGE \u00e0 Saint-Marc-Sur-Mer, Saint-Nazaire"},{"@type":"BreadcrumbList","@id":"https:\/\/www.restaurant-plagehulot.com\/brasserie\/index.php\/tapas\/#breadcrumb","itemListElement":[{"@type":"ListItem","position":1,"name":"Home","item":"https:\/\/www.restaurant-plagehulot.com\/brasserie\/"},{"@type":"ListItem","position":2,"name":"TAPAS &#038; CR\u00caPES"}]},{"@type":"WebSite","@id":"https:\/\/www.restaurant-plagehulot.com\/brasserie\/#website","url":"https:\/\/www.restaurant-plagehulot.com\/brasserie\/","name":"Restaurant Brasserie Bar de plage La Plage de M. HULOT Saint Nazaire","description":"Restaurant | Brasserie | Bar de Plage LA PLAGE DE MONSIEUR HULOT - St-Marc\/Mer - St. Nazaire","publisher":{"@id":"https:\/\/www.restaurant-plagehulot.com\/brasserie\/#organization"},"alternateName":"Restaurant-plagehulot","potentialAction":[{"@type":"SearchAction","target":{"@type":"EntryPoint","urlTemplate":"https:\/\/www.restaurant-plagehulot.com\/brasserie\/?s={search_term_string}"},"query-input":{"@type":"PropertyValueSpecification","valueRequired":true,"valueName":"search_term_string"}}],"inLanguage":"fr-FR"},{"@type":"Organization","@id":"https:\/\/www.restaurant-plagehulot.com\/brasserie\/#organization","name":"SARL GOUIN","alternateName":"Restaurant LA PLAGE DE MONSIEUR HULOT","url":"https:\/\/www.restaurant-plagehulot.com\/brasserie\/","logo":{"@type":"ImageObject","inLanguage":"fr-FR","@id":"https:\/\/www.restaurant-plagehulot.com\/brasserie\/#\/schema\/logo\/image\/","url":"https:\/\/www.restaurant-plagehulot.com\/brasserie\/wp-content\/uploads\/2025\/03\/25_Logo_Hulot_02.png","contentUrl":"https:\/\/www.restaurant-plagehulot.com\/brasserie\/wp-content\/uploads\/2025\/03\/25_Logo_Hulot_02.png","width":600,"height":600,"caption":"SARL GOUIN"},"image":{"@id":"https:\/\/www.restaurant-plagehulot.com\/brasserie\/#\/schema\/logo\/image\/"},"sameAs":["https:\/\/www.facebook.com\/La-Plage-de-Monsieur-HULOT-1657765484498165\/?ref=hl","https:\/\/www.instagram.com\/laplagedemhulot\/"]}]}},"_links":{"self":[{"href":"https:\/\/www.restaurant-plagehulot.com\/brasserie\/index.php\/wp-json\/wp\/v2\/pages\/5075","targetHints":{"allow":["GET"]}}],"collection":[{"href":"https:\/\/www.restaurant-plagehulot.com\/brasserie\/index.php\/wp-json\/wp\/v2\/pages"}],"about":[{"href":"https:\/\/www.restaurant-plagehulot.com\/brasserie\/index.php\/wp-json\/wp\/v2\/types\/page"}],"author":[{"embeddable":true,"href":"https:\/\/www.restaurant-plagehulot.com\/brasserie\/index.php\/wp-json\/wp\/v2\/users\/1"}],"replies":[{"embeddable":true,"href":"https:\/\/www.restaurant-plagehulot.com\/brasserie\/index.php\/wp-json\/wp\/v2\/comments?post=5075"}],"version-history":[{"count":24,"href":"https:\/\/www.restaurant-plagehulot.com\/brasserie\/index.php\/wp-json\/wp\/v2\/pages\/5075\/revisions"}],"predecessor-version":[{"id":5927,"href":"https:\/\/www.restaurant-plagehulot.com\/brasserie\/index.php\/wp-json\/wp\/v2\/pages\/5075\/revisions\/5927"}],"wp:attachment":[{"href":"https:\/\/www.restaurant-plagehulot.com\/brasserie\/index.php\/wp-json\/wp\/v2\/media?parent=5075"}],"curies":[{"name":"wp","href":"https:\/\/api.w.org\/{rel}","templated":true}]}}