{"id":5225,"date":"2025-03-13T18:41:20","date_gmt":"2025-03-13T17:41:20","guid":{"rendered":"https:\/\/www.restaurant-plagehulot.com\/brasserie\/?page_id=5225"},"modified":"2026-04-13T16:07:45","modified_gmt":"2026-04-13T15:07:45","slug":"carte-poissons","status":"publish","type":"page","link":"https:\/\/www.restaurant-plagehulot.com\/brasserie\/index.php\/carte-poissons\/","title":{"rendered":"LA CARTE DES POISSONS"},"content":{"rendered":"\n<div style=\"height:30px\" aria-hidden=\"true\" class=\"wp-block-spacer\"><\/div>\n\n\n\n<div class=\"wp-block-cover alignfull has-parallax wp-duotone-unset-1\" style=\"margin-top:0;padding-top:5vw;padding-right:5vw;padding-bottom:5vw;padding-left:5vw;min-height:331px;aspect-ratio:unset;\" id=\"poissons\"><div class=\"wp-block-cover__image-background wp-image-5549 has-parallax\" style=\"background-position:50% 50%;background-image:url(https:\/\/www.restaurant-plagehulot.com\/brasserie\/wp-content\/uploads\/2025\/03\/Restaurant-Plage-de-Monsieur-Hulot_083.jpg)\"><\/div><span aria-hidden=\"true\" class=\"wp-block-cover__background has-custom-color-1-background-color has-background-dim-10 has-background-dim\"><\/span><div class=\"wp-block-cover__inner-container is-layout-flow wp-block-cover-is-layout-flow\">\n<div id=\"entrees\" class=\"wp-block-group is-vertical is-content-justification-center is-nowrap is-layout-flex wp-container-core-group-is-layout-b77dfac5 wp-block-group-is-layout-flex\">\n<p class=\"has-text-align-center has-custom-color-3-color has-text-color\" id=\"entrees\" style=\"font-size:clamp(46.18px, 2.886rem + ((1vw - 3.2px) * 4.296), 90px);letter-spacing:-4px;line-height:0.8;text-transform:uppercase\">LE MAREYEUR<\/p>\n<\/div>\n<\/div><\/div>\n\n\n\n<p class=\"has-custom-color-1-color has-text-color has-link-color has-small-font-size wp-elements-1c8e69043199c9576e2699addf325204\" id=\"top\">Poissons &gt;&gt; <a href=\"#burgers\">Moules<\/a><\/p>\n\n\n\n<h2 class=\"wp-block-heading has-xx-large-font-size\">LES POISSONS<\/h2>\n\n\n\n<p class=\"has-text-align-center\"><strong>POULPES GRILL\u00c9S \u00c0 LA PROVENCALE<\/strong> <br><em>\u00e9cras\u00e9 de pommes de terre, sauce vierge citronn\u00e9e<br>aux herbes<br>29,80\u20ac<\/em><\/p>\n\n\n\n<p class=\"has-text-align-center\"><strong>POELEE DE RIGATONIS AUX CREVETTES<\/strong><br><em>\u00e0 la tomate, basilic, ail et ricotta<br>26,50\u20ac<\/em><\/p>\n\n\n\n<p class=\"has-text-align-center\"><strong>TARTARE DE SAUMON A L&rsquo;HUILE D&rsquo;OLIVE<\/strong><br><em>\u00e0 l\u2019\u00e9chalote, vinaigrette au citron confit, frites, salade<\/em><br><em>25,50\u20ac<\/em><\/p>\n\n\n\n<p class=\"has-text-align-center\"><strong>MINUTE DE THON A LA PLANCHA<\/strong><br><em>sauce vierge, pur\u00e9e de citron et ses l\u00e9gumes<br>27,50\u20ac<\/em><\/p>\n\n\n\n<p class=\"has-text-align-center\"><strong>FILET DE MERLAN EN HABIT VERT<\/strong><\/p>\n\n\n\n<p class=\"has-text-align-center\"><em>au saumon, lait de coco et curry vert \u00e0 la bisque<br>de crustac\u00e9s<br>25,50\u20ac<\/em><\/p>\n\n\n\n<p class=\"has-text-align-center has-medium-font-size\"><strong>LE POISSON DU MARCH\u00c9<\/strong><\/p>\n\n\n\n<p class=\"has-text-align-center has-small-font-size\"><em>Consulter l&rsquo;ardoise<\/em><\/p>\n\n\n\n<div class=\"wp-block-buttons is-content-justification-center is-layout-flex wp-container-core-buttons-is-layout-a89b3969 wp-block-buttons-is-layout-flex\">\n<div class=\"wp-block-button is-style-outline is-style-outline--2\"><a class=\"wp-block-button__link has-base-color has-custom-color-2-background-color has-text-color has-background has-link-color has-medium-font-size has-text-align-center has-custom-font-size wp-element-button\" href=\"tel:33240917617\" style=\"border-style:none;border-width:0px;border-radius:100px\"><strong>R\u00c9SERVEZ<\/strong><br>02 40 91 76 17<\/a><\/div>\n<\/div>\n\n\n\n<hr class=\"wp-block-separator has-text-color has-custom-color-2-color has-alpha-channel-opacity has-custom-color-2-background-color has-background is-style-dots\" style=\"margin-top:var(--wp--preset--spacing--40);margin-bottom:var(--wp--preset--spacing--40)\"\/>\n\n\n\n<div style=\"height:30px\" aria-hidden=\"true\" class=\"wp-block-spacer\"><\/div>\n\n\n\n<div class=\"wp-block-cover alignfull has-parallax wp-duotone-unset-3\" style=\"margin-top:0;padding-top:5vw;padding-right:5vw;padding-bottom:5vw;padding-left:5vw;min-height:331px;aspect-ratio:unset;\" id=\"burgers\"><div class=\"wp-block-cover__image-background wp-image-5228 has-parallax\" style=\"background-position:50% 50%;background-image:url(https:\/\/www.restaurant-plagehulot.com\/brasserie\/wp-content\/uploads\/2025\/03\/Restaurant-Plage-de-Monsieur-Hulot_05.jpg)\"><\/div><span aria-hidden=\"true\" class=\"wp-block-cover__background has-custom-color-1-background-color has-background-dim-30 has-background-dim\"><\/span><div class=\"wp-block-cover__inner-container is-layout-flow wp-block-cover-is-layout-flow\">\n<div id=\"entrees\" class=\"wp-block-group is-vertical is-content-justification-center is-nowrap is-layout-flex wp-container-core-group-is-layout-b77dfac5 wp-block-group-is-layout-flex\">\n<p class=\"has-text-align-center has-custom-color-3-color has-text-color\" id=\"entrees\" style=\"font-size:clamp(46.18px, 2.886rem + ((1vw - 3.2px) * 4.296), 90px);letter-spacing:-4px;line-height:0.8;text-transform:uppercase\">LES MOULES<\/p>\n\n\n\n<div style=\"height:34px\" aria-hidden=\"true\" class=\"wp-block-spacer wp-container-content-d613cd94\"><\/div>\n\n\n\n<div class=\"wp-block-buttons is-layout-flex wp-block-buttons-is-layout-flex\"><\/div>\n<\/div>\n\n\n\n<p class=\"has-base-color has-text-color has-link-color has-small-font-size wp-elements-fb1830873534a873150aa58357502902\"><a href=\"#poissons\">Poissons<\/a> &gt;&gt; Moules<\/p>\n\n\n\n<p class=\"has-text-align-center has-base-color has-text-color has-link-color has-medium-font-size wp-elements-e002a54b1b305a9819a8612b64ac328a\">De mi avril \u00e0 mi septembre uniquement<\/p>\n\n\n\n<p class=\"has-text-align-center has-base-color has-text-color has-link-color has-medium-font-size wp-elements-14b825ae8a8d3a79ba268a29ad0d70ff\"><strong>MOULES MARINI\u00c8RES<\/strong><br><em>Beurre, oignons, vin blanc, persil <br>18,50\u20ac<\/em><\/p>\n\n\n\n<p class=\"has-text-align-center has-base-color has-text-color has-link-color has-medium-font-size wp-elements-a63f5638aa9ed7b2693722259ef43d56\"><strong>MOULES MARINI\u00c8RES \u00c0 LA CR\u00c8ME<\/strong><br><em>Beurre, oignons, vin blanc, cr\u00e8me fermi\u00e8re, persil <br>19,00\u20ac<\/em><\/p>\n\n\n\n<p class=\"has-text-align-center\"><em>Suppl\u00e9ment l\u00e9gumes ou frites 5,00 \u20ac \/ salade 3,50 \u20ac\/sauces 3,00 \u20ac<\/em><\/p>\n\n\n\n<div class=\"wp-block-buttons is-content-justification-center is-layout-flex wp-container-core-buttons-is-layout-a89b3969 wp-block-buttons-is-layout-flex\">\n<div class=\"wp-block-button\"><a class=\"wp-block-button__link has-base-color has-custom-color-2-background-color has-text-color has-background has-link-color has-medium-font-size has-text-align-center has-custom-font-size wp-element-button\" href=\"tel:33240917617\"><strong>R\u00c9SERVEZ<\/strong><br>02 40 91 76 17<\/a><\/div>\n<\/div>\n\n\n\n<hr class=\"wp-block-separator has-text-color has-custom-color-2-color has-alpha-channel-opacity has-custom-color-2-background-color has-background is-style-dots\" style=\"margin-top:var(--wp--preset--spacing--20);margin-bottom:var(--wp--preset--spacing--20)\"\/>\n<\/div><\/div>\n\n\n\n<hr class=\"wp-block-separator has-text-color has-custom-color-2-color has-alpha-channel-opacity has-custom-color-2-background-color has-background\"\/>\n\n\n\n<div class=\"wp-block-cover alignfull has-parallax wp-duotone-unset-4\" style=\"margin-top:0;padding-top:5vw;padding-right:5vw;padding-bottom:5vw;padding-left:5vw;min-height:331px;aspect-ratio:unset;\" id=\"viandes\"><div class=\"wp-block-cover__image-background wp-image-4622 has-parallax\" style=\"background-position:50% 50%;background-image:url(https:\/\/www.restaurant-plagehulot.com\/brasserie\/wp-content\/uploads\/2020\/06\/restaurant-plage-monsieur-hulot_015.jpg)\"><\/div><span aria-hidden=\"true\" class=\"wp-block-cover__background has-custom-color-1-background-color has-background-dim-30 has-background-dim\"><\/span><div class=\"wp-block-cover__inner-container is-layout-flow wp-block-cover-is-layout-flow\">\n<h2 class=\"wp-block-heading has-text-align-center has-xx-large-font-size\">\u00c0 LA CARTE<\/h2>\n\n\n\n<div class=\"wp-block-buttons is-content-justification-center is-layout-flex wp-container-core-buttons-is-layout-a89b3969 wp-block-buttons-is-layout-flex\">\n<div class=\"wp-block-button\"><a class=\"wp-block-button__link has-custom-color-2-background-color has-background has-small-font-size has-custom-font-size wp-element-button\" href=\"https:\/\/restaurant-plagehulot.com\/brasserie\/index.php\/index.php\/carte-entrees\">LES ENTR\u00e9es<\/a><\/div>\n\n\n\n<div class=\"wp-block-button\"><a class=\"wp-block-button__link has-custom-color-2-background-color has-background has-small-font-size has-custom-font-size wp-element-button\" href=\"https:\/\/restaurant-plagehulot.com\/brasserie\/index.php\/index.php\/carte-viandes\">LES VIANDES<\/a><\/div>\n\n\n\n<div class=\"wp-block-button\"><a class=\"wp-block-button__link has-custom-color-1-background-color has-background has-small-font-size has-custom-font-size wp-element-button\" href=\"#top\">LES POISSONS<\/a><\/div>\n<\/div>\n\n\n\n<div class=\"wp-block-buttons is-content-justification-center is-layout-flex wp-container-core-buttons-is-layout-a89b3969 wp-block-buttons-is-layout-flex\">\n<div class=\"wp-block-button\"><a class=\"wp-block-button__link has-custom-color-2-background-color has-background has-small-font-size has-custom-font-size wp-element-button\" href=\"https:\/\/restaurant-plagehulot.com\/brasserie\/index.php\/index.php\/carte-desserts\">LES DESSERTS<\/a><\/div>\n\n\n\n<div class=\"wp-block-button\"><a class=\"wp-block-button__link has-custom-color-2-background-color has-background has-small-font-size has-custom-font-size wp-element-button\" href=\"https:\/\/restaurant-plagehulot.com\/brasserie\/index.php\/index.php\/tapas\">LES TAPAS<\/a><\/div>\n\n\n\n<div class=\"wp-block-button\"><a class=\"wp-block-button__link has-custom-color-2-background-color has-background has-small-font-size has-custom-font-size wp-element-button\" href=\"https:\/\/restaurant-plagehulot.com\/brasserie\/index.php\/index.php\/la-cave\">LA CAVE<\/a><\/div>\n<\/div>\n<\/div><\/div>\n\n\n\n<div class=\"wp-block-buttons is-content-justification-center is-layout-flex wp-container-core-buttons-is-layout-a89b3969 wp-block-buttons-is-layout-flex\">\n<div class=\"wp-block-button\"><a class=\"wp-block-button__link has-custom-color-2-background-color has-background has-medium-font-size has-custom-font-size wp-element-button\" href=\"#TOP\" style=\"padding-top:var(--wp--preset--spacing--40);padding-bottom:var(--wp--preset--spacing--40)\">\u2191<\/a><\/div>\n<\/div>\n\n\n\n<hr class=\"wp-block-separator has-text-color has-custom-color-2-color has-alpha-channel-opacity has-custom-color-2-background-color has-background is-style-default\" style=\"margin-top:var(--wp--preset--spacing--40);margin-bottom:var(--wp--preset--spacing--40)\"\/>\n\n\n\n<ul class=\"wp-block-social-links aligncenter has-icon-color has-icon-background-color is-layout-flex wp-block-social-links-is-layout-flex\"><li style=\"color:#FFFFFF;background-color:#000;\" class=\"wp-social-link wp-social-link-facebook has-base-color has-custom-color-1-background-color wp-block-social-link\"><a href=\"https:\/\/www.facebook.com\/Restaurantplagehulot\" class=\"wp-block-social-link-anchor\"><svg width=\"24\" height=\"24\" viewBox=\"0 0 24 24\" version=\"1.1\" xmlns=\"http:\/\/www.w3.org\/2000\/svg\" aria-hidden=\"true\" focusable=\"false\"><path d=\"M12 2C6.5 2 2 6.5 2 12c0 5 3.7 9.1 8.4 9.9v-7H7.9V12h2.5V9.8c0-2.5 1.5-3.9 3.8-3.9 1.1 0 2.2.2 2.2.2v2.5h-1.3c-1.2 0-1.6.8-1.6 1.6V12h2.8l-.4 2.9h-2.3v7C18.3 21.1 22 17 22 12c0-5.5-4.5-10-10-10z\"><\/path><\/svg><span class=\"wp-block-social-link-label screen-reader-text\">Facebook<\/span><\/a><\/li>\n\n<li style=\"color:#FFFFFF;background-color:#000;\" class=\"wp-social-link wp-social-link-instagram has-base-color has-custom-color-1-background-color wp-block-social-link\"><a href=\"https:\/\/www.instagram.com\/laplagedemhulot\/\" class=\"wp-block-social-link-anchor\"><svg width=\"24\" height=\"24\" viewBox=\"0 0 24 24\" version=\"1.1\" xmlns=\"http:\/\/www.w3.org\/2000\/svg\" aria-hidden=\"true\" focusable=\"false\"><path d=\"M12,4.622c2.403,0,2.688,0.009,3.637,0.052c0.877,0.04,1.354,0.187,1.671,0.31c0.42,0.163,0.72,0.358,1.035,0.673 c0.315,0.315,0.51,0.615,0.673,1.035c0.123,0.317,0.27,0.794,0.31,1.671c0.043,0.949,0.052,1.234,0.052,3.637 s-0.009,2.688-0.052,3.637c-0.04,0.877-0.187,1.354-0.31,1.671c-0.163,0.42-0.358,0.72-0.673,1.035 c-0.315,0.315-0.615,0.51-1.035,0.673c-0.317,0.123-0.794,0.27-1.671,0.31c-0.949,0.043-1.233,0.052-3.637,0.052 s-2.688-0.009-3.637-0.052c-0.877-0.04-1.354-0.187-1.671-0.31c-0.42-0.163-0.72-0.358-1.035-0.673 c-0.315-0.315-0.51-0.615-0.673-1.035c-0.123-0.317-0.27-0.794-0.31-1.671C4.631,14.688,4.622,14.403,4.622,12 s0.009-2.688,0.052-3.637c0.04-0.877,0.187-1.354,0.31-1.671c0.163-0.42,0.358-0.72,0.673-1.035 c0.315-0.315,0.615-0.51,1.035-0.673c0.317-0.123,0.794-0.27,1.671-0.31C9.312,4.631,9.597,4.622,12,4.622 M12,3 C9.556,3,9.249,3.01,8.289,3.054C7.331,3.098,6.677,3.25,6.105,3.472C5.513,3.702,5.011,4.01,4.511,4.511 c-0.5,0.5-0.808,1.002-1.038,1.594C3.25,6.677,3.098,7.331,3.054,8.289C3.01,9.249,3,9.556,3,12c0,2.444,0.01,2.751,0.054,3.711 c0.044,0.958,0.196,1.612,0.418,2.185c0.23,0.592,0.538,1.094,1.038,1.594c0.5,0.5,1.002,0.808,1.594,1.038 c0.572,0.222,1.227,0.375,2.185,0.418C9.249,20.99,9.556,21,12,21s2.751-0.01,3.711-0.054c0.958-0.044,1.612-0.196,2.185-0.418 c0.592-0.23,1.094-0.538,1.594-1.038c0.5-0.5,0.808-1.002,1.038-1.594c0.222-0.572,0.375-1.227,0.418-2.185 C20.99,14.751,21,14.444,21,12s-0.01-2.751-0.054-3.711c-0.044-0.958-0.196-1.612-0.418-2.185c-0.23-0.592-0.538-1.094-1.038-1.594 c-0.5-0.5-1.002-0.808-1.594-1.038c-0.572-0.222-1.227-0.375-2.185-0.418C14.751,3.01,14.444,3,12,3L12,3z M12,7.378 c-2.552,0-4.622,2.069-4.622,4.622S9.448,16.622,12,16.622s4.622-2.069,4.622-4.622S14.552,7.378,12,7.378z M12,15 c-1.657,0-3-1.343-3-3s1.343-3,3-3s3,1.343,3,3S13.657,15,12,15z M16.804,6.116c-0.596,0-1.08,0.484-1.08,1.08 s0.484,1.08,1.08,1.08c0.596,0,1.08-0.484,1.08-1.08S17.401,6.116,16.804,6.116z\"><\/path><\/svg><span class=\"wp-block-social-link-label screen-reader-text\">Instagram<\/span><\/a><\/li><\/ul>\n","protected":false},"excerpt":{"rendered":"<p>Poissons &gt;&gt; Moules LES POISSONS POULPES GRILL\u00c9S \u00c0 LA PROVENCALE \u00e9cras\u00e9 de pommes de terre, sauce vierge citronn\u00e9eaux herbes29,80\u20ac POELEE DE RIGATONIS AUX CREVETTES\u00e0 la tomate, basilic, ail et ricotta26,50\u20ac TARTARE DE SAUMON A L&rsquo;HUILE D&rsquo;OLIVE\u00e0 l\u2019\u00e9chalote, vinaigrette au citron confit, frites, salade25,50\u20ac MINUTE DE THON A LA PLANCHAsauce vierge, pur\u00e9e de citron et ses [&hellip;]<\/p>\n","protected":false},"author":1,"featured_media":3337,"parent":0,"menu_order":0,"comment_status":"closed","ping_status":"closed","template":"","meta":{"footnotes":""},"class_list":["post-5225","page","type-page","status-publish","has-post-thumbnail","hentry"],"yoast_head":"<!-- This site is optimized with the Yoast SEO plugin v27.4 - https:\/\/yoast.com\/product\/yoast-seo-wordpress\/ -->\n<title>LA CARTE des poissons Restaurant La Plage de Monsieur HULOT<\/title>\n<meta name=\"description\" content=\"Carte des poissons et moules au restaurant, brasserie et bar de plage LA PLAGE DE MONSIEUR HULOT Saint-Marc-Sur-Mer\" \/>\n<meta name=\"robots\" content=\"index, follow, max-snippet:-1, max-image-preview:large, max-video-preview:-1\" \/>\n<link rel=\"canonical\" href=\"https:\/\/www.restaurant-plagehulot.com\/brasserie\/index.php\/carte-poissons\/\" \/>\n<meta property=\"og:locale\" content=\"fr_FR\" \/>\n<meta property=\"og:type\" content=\"article\" \/>\n<meta property=\"og:title\" content=\"LA CARTE des poissons Restaurant La Plage de Monsieur HULOT\" \/>\n<meta property=\"og:description\" content=\"Carte des poissons et moules au restaurant, brasserie et bar de plage LA PLAGE DE MONSIEUR HULOT Saint-Marc-Sur-Mer\" \/>\n<meta property=\"og:url\" content=\"https:\/\/www.restaurant-plagehulot.com\/brasserie\/index.php\/carte-poissons\/\" \/>\n<meta property=\"og:site_name\" content=\"RESTAURANT &amp; BAR DE PLAGE\" \/>\n<meta property=\"article:publisher\" content=\"https:\/\/www.facebook.com\/La-Plage-de-Monsieur-HULOT-1657765484498165\/?ref=hl\" \/>\n<meta property=\"article:modified_time\" content=\"2026-04-13T15:07:45+00:00\" \/>\n<meta property=\"og:image\" content=\"https:\/\/www.restaurant-plagehulot.com\/brasserie\/wp-content\/uploads\/2015\/12\/slider_12.jpg\" \/>\n\t<meta property=\"og:image:width\" content=\"1920\" \/>\n\t<meta property=\"og:image:height\" content=\"1280\" \/>\n\t<meta property=\"og:image:type\" content=\"image\/jpeg\" \/>\n<meta name=\"twitter:card\" content=\"summary_large_image\" \/>\n<meta name=\"twitter:label1\" content=\"Dur\u00e9e de lecture estim\u00e9e\" \/>\n\t<meta name=\"twitter:data1\" content=\"2 minutes\" \/>\n<script type=\"application\/ld+json\" class=\"yoast-schema-graph\">{\"@context\":\"https:\\\/\\\/schema.org\",\"@graph\":[{\"@type\":\"WebPage\",\"@id\":\"https:\\\/\\\/www.restaurant-plagehulot.com\\\/brasserie\\\/index.php\\\/carte-poissons\\\/\",\"url\":\"https:\\\/\\\/www.restaurant-plagehulot.com\\\/brasserie\\\/index.php\\\/carte-poissons\\\/\",\"name\":\"LA CARTE des poissons Restaurant La Plage de Monsieur HULOT\",\"isPartOf\":{\"@id\":\"https:\\\/\\\/www.restaurant-plagehulot.com\\\/brasserie\\\/#website\"},\"primaryImageOfPage\":{\"@id\":\"https:\\\/\\\/www.restaurant-plagehulot.com\\\/brasserie\\\/index.php\\\/carte-poissons\\\/#primaryimage\"},\"image\":{\"@id\":\"https:\\\/\\\/www.restaurant-plagehulot.com\\\/brasserie\\\/index.php\\\/carte-poissons\\\/#primaryimage\"},\"thumbnailUrl\":\"https:\\\/\\\/www.restaurant-plagehulot.com\\\/brasserie\\\/wp-content\\\/uploads\\\/2015\\\/12\\\/slider_12.jpg\",\"datePublished\":\"2025-03-13T17:41:20+00:00\",\"dateModified\":\"2026-04-13T15:07:45+00:00\",\"description\":\"Carte des poissons et moules au restaurant, brasserie et bar de plage LA PLAGE DE MONSIEUR HULOT Saint-Marc-Sur-Mer\",\"breadcrumb\":{\"@id\":\"https:\\\/\\\/www.restaurant-plagehulot.com\\\/brasserie\\\/index.php\\\/carte-poissons\\\/#breadcrumb\"},\"inLanguage\":\"fr-FR\",\"potentialAction\":[{\"@type\":\"ReadAction\",\"target\":[\"https:\\\/\\\/www.restaurant-plagehulot.com\\\/brasserie\\\/index.php\\\/carte-poissons\\\/\"]}]},{\"@type\":\"ImageObject\",\"inLanguage\":\"fr-FR\",\"@id\":\"https:\\\/\\\/www.restaurant-plagehulot.com\\\/brasserie\\\/index.php\\\/carte-poissons\\\/#primaryimage\",\"url\":\"https:\\\/\\\/www.restaurant-plagehulot.com\\\/brasserie\\\/wp-content\\\/uploads\\\/2015\\\/12\\\/slider_12.jpg\",\"contentUrl\":\"https:\\\/\\\/www.restaurant-plagehulot.com\\\/brasserie\\\/wp-content\\\/uploads\\\/2015\\\/12\\\/slider_12.jpg\",\"width\":1920,\"height\":1280,\"caption\":\"Restaurant La Plage de Monsieur HULOT\"},{\"@type\":\"BreadcrumbList\",\"@id\":\"https:\\\/\\\/www.restaurant-plagehulot.com\\\/brasserie\\\/index.php\\\/carte-poissons\\\/#breadcrumb\",\"itemListElement\":[{\"@type\":\"ListItem\",\"position\":1,\"name\":\"Home\",\"item\":\"https:\\\/\\\/www.restaurant-plagehulot.com\\\/brasserie\\\/\"},{\"@type\":\"ListItem\",\"position\":2,\"name\":\"LA CARTE DES POISSONS\"}]},{\"@type\":\"WebSite\",\"@id\":\"https:\\\/\\\/www.restaurant-plagehulot.com\\\/brasserie\\\/#website\",\"url\":\"https:\\\/\\\/www.restaurant-plagehulot.com\\\/brasserie\\\/\",\"name\":\"Restaurant Brasserie Bar de plage La Plage de M. HULOT Saint Nazaire\",\"description\":\"Restaurant | Brasserie | Bar de Plage LA PLAGE DE MONSIEUR HULOT - St-Marc\\\/Mer - St. Nazaire\",\"publisher\":{\"@id\":\"https:\\\/\\\/www.restaurant-plagehulot.com\\\/brasserie\\\/#organization\"},\"alternateName\":\"Restaurant-plagehulot\",\"potentialAction\":[{\"@type\":\"SearchAction\",\"target\":{\"@type\":\"EntryPoint\",\"urlTemplate\":\"https:\\\/\\\/www.restaurant-plagehulot.com\\\/brasserie\\\/?s={search_term_string}\"},\"query-input\":{\"@type\":\"PropertyValueSpecification\",\"valueRequired\":true,\"valueName\":\"search_term_string\"}}],\"inLanguage\":\"fr-FR\"},{\"@type\":\"Organization\",\"@id\":\"https:\\\/\\\/www.restaurant-plagehulot.com\\\/brasserie\\\/#organization\",\"name\":\"SARL GOUIN\",\"alternateName\":\"Restaurant LA PLAGE DE MONSIEUR HULOT\",\"url\":\"https:\\\/\\\/www.restaurant-plagehulot.com\\\/brasserie\\\/\",\"logo\":{\"@type\":\"ImageObject\",\"inLanguage\":\"fr-FR\",\"@id\":\"https:\\\/\\\/www.restaurant-plagehulot.com\\\/brasserie\\\/#\\\/schema\\\/logo\\\/image\\\/\",\"url\":\"https:\\\/\\\/www.restaurant-plagehulot.com\\\/brasserie\\\/wp-content\\\/uploads\\\/2025\\\/03\\\/25_Logo_Hulot_02.png\",\"contentUrl\":\"https:\\\/\\\/www.restaurant-plagehulot.com\\\/brasserie\\\/wp-content\\\/uploads\\\/2025\\\/03\\\/25_Logo_Hulot_02.png\",\"width\":600,\"height\":600,\"caption\":\"SARL GOUIN\"},\"image\":{\"@id\":\"https:\\\/\\\/www.restaurant-plagehulot.com\\\/brasserie\\\/#\\\/schema\\\/logo\\\/image\\\/\"},\"sameAs\":[\"https:\\\/\\\/www.facebook.com\\\/La-Plage-de-Monsieur-HULOT-1657765484498165\\\/?ref=hl\",\"https:\\\/\\\/www.instagram.com\\\/laplagedemhulot\\\/\"]}]}<\/script>\n<!-- \/ Yoast SEO plugin. -->","yoast_head_json":{"title":"LA CARTE des poissons Restaurant La Plage de Monsieur HULOT","description":"Carte des poissons et moules au restaurant, brasserie et bar de plage LA PLAGE DE MONSIEUR HULOT Saint-Marc-Sur-Mer","robots":{"index":"index","follow":"follow","max-snippet":"max-snippet:-1","max-image-preview":"max-image-preview:large","max-video-preview":"max-video-preview:-1"},"canonical":"https:\/\/www.restaurant-plagehulot.com\/brasserie\/index.php\/carte-poissons\/","og_locale":"fr_FR","og_type":"article","og_title":"LA CARTE des poissons Restaurant La Plage de Monsieur HULOT","og_description":"Carte des poissons et moules au restaurant, brasserie et bar de plage LA PLAGE DE MONSIEUR HULOT Saint-Marc-Sur-Mer","og_url":"https:\/\/www.restaurant-plagehulot.com\/brasserie\/index.php\/carte-poissons\/","og_site_name":"RESTAURANT &amp; BAR DE PLAGE","article_publisher":"https:\/\/www.facebook.com\/La-Plage-de-Monsieur-HULOT-1657765484498165\/?ref=hl","article_modified_time":"2026-04-13T15:07:45+00:00","og_image":[{"width":1920,"height":1280,"url":"https:\/\/www.restaurant-plagehulot.com\/brasserie\/wp-content\/uploads\/2015\/12\/slider_12.jpg","type":"image\/jpeg"}],"twitter_card":"summary_large_image","twitter_misc":{"Dur\u00e9e de lecture estim\u00e9e":"2 minutes"},"schema":{"@context":"https:\/\/schema.org","@graph":[{"@type":"WebPage","@id":"https:\/\/www.restaurant-plagehulot.com\/brasserie\/index.php\/carte-poissons\/","url":"https:\/\/www.restaurant-plagehulot.com\/brasserie\/index.php\/carte-poissons\/","name":"LA CARTE des poissons Restaurant La Plage de Monsieur HULOT","isPartOf":{"@id":"https:\/\/www.restaurant-plagehulot.com\/brasserie\/#website"},"primaryImageOfPage":{"@id":"https:\/\/www.restaurant-plagehulot.com\/brasserie\/index.php\/carte-poissons\/#primaryimage"},"image":{"@id":"https:\/\/www.restaurant-plagehulot.com\/brasserie\/index.php\/carte-poissons\/#primaryimage"},"thumbnailUrl":"https:\/\/www.restaurant-plagehulot.com\/brasserie\/wp-content\/uploads\/2015\/12\/slider_12.jpg","datePublished":"2025-03-13T17:41:20+00:00","dateModified":"2026-04-13T15:07:45+00:00","description":"Carte des poissons et moules au restaurant, brasserie et bar de plage LA PLAGE DE MONSIEUR HULOT Saint-Marc-Sur-Mer","breadcrumb":{"@id":"https:\/\/www.restaurant-plagehulot.com\/brasserie\/index.php\/carte-poissons\/#breadcrumb"},"inLanguage":"fr-FR","potentialAction":[{"@type":"ReadAction","target":["https:\/\/www.restaurant-plagehulot.com\/brasserie\/index.php\/carte-poissons\/"]}]},{"@type":"ImageObject","inLanguage":"fr-FR","@id":"https:\/\/www.restaurant-plagehulot.com\/brasserie\/index.php\/carte-poissons\/#primaryimage","url":"https:\/\/www.restaurant-plagehulot.com\/brasserie\/wp-content\/uploads\/2015\/12\/slider_12.jpg","contentUrl":"https:\/\/www.restaurant-plagehulot.com\/brasserie\/wp-content\/uploads\/2015\/12\/slider_12.jpg","width":1920,"height":1280,"caption":"Restaurant La Plage de Monsieur HULOT"},{"@type":"BreadcrumbList","@id":"https:\/\/www.restaurant-plagehulot.com\/brasserie\/index.php\/carte-poissons\/#breadcrumb","itemListElement":[{"@type":"ListItem","position":1,"name":"Home","item":"https:\/\/www.restaurant-plagehulot.com\/brasserie\/"},{"@type":"ListItem","position":2,"name":"LA CARTE DES POISSONS"}]},{"@type":"WebSite","@id":"https:\/\/www.restaurant-plagehulot.com\/brasserie\/#website","url":"https:\/\/www.restaurant-plagehulot.com\/brasserie\/","name":"Restaurant Brasserie Bar de plage La Plage de M. HULOT Saint Nazaire","description":"Restaurant | Brasserie | Bar de Plage LA PLAGE DE MONSIEUR HULOT - St-Marc\/Mer - St. Nazaire","publisher":{"@id":"https:\/\/www.restaurant-plagehulot.com\/brasserie\/#organization"},"alternateName":"Restaurant-plagehulot","potentialAction":[{"@type":"SearchAction","target":{"@type":"EntryPoint","urlTemplate":"https:\/\/www.restaurant-plagehulot.com\/brasserie\/?s={search_term_string}"},"query-input":{"@type":"PropertyValueSpecification","valueRequired":true,"valueName":"search_term_string"}}],"inLanguage":"fr-FR"},{"@type":"Organization","@id":"https:\/\/www.restaurant-plagehulot.com\/brasserie\/#organization","name":"SARL GOUIN","alternateName":"Restaurant LA PLAGE DE MONSIEUR HULOT","url":"https:\/\/www.restaurant-plagehulot.com\/brasserie\/","logo":{"@type":"ImageObject","inLanguage":"fr-FR","@id":"https:\/\/www.restaurant-plagehulot.com\/brasserie\/#\/schema\/logo\/image\/","url":"https:\/\/www.restaurant-plagehulot.com\/brasserie\/wp-content\/uploads\/2025\/03\/25_Logo_Hulot_02.png","contentUrl":"https:\/\/www.restaurant-plagehulot.com\/brasserie\/wp-content\/uploads\/2025\/03\/25_Logo_Hulot_02.png","width":600,"height":600,"caption":"SARL GOUIN"},"image":{"@id":"https:\/\/www.restaurant-plagehulot.com\/brasserie\/#\/schema\/logo\/image\/"},"sameAs":["https:\/\/www.facebook.com\/La-Plage-de-Monsieur-HULOT-1657765484498165\/?ref=hl","https:\/\/www.instagram.com\/laplagedemhulot\/"]}]}},"_links":{"self":[{"href":"https:\/\/www.restaurant-plagehulot.com\/brasserie\/index.php\/wp-json\/wp\/v2\/pages\/5225","targetHints":{"allow":["GET"]}}],"collection":[{"href":"https:\/\/www.restaurant-plagehulot.com\/brasserie\/index.php\/wp-json\/wp\/v2\/pages"}],"about":[{"href":"https:\/\/www.restaurant-plagehulot.com\/brasserie\/index.php\/wp-json\/wp\/v2\/types\/page"}],"author":[{"embeddable":true,"href":"https:\/\/www.restaurant-plagehulot.com\/brasserie\/index.php\/wp-json\/wp\/v2\/users\/1"}],"replies":[{"embeddable":true,"href":"https:\/\/www.restaurant-plagehulot.com\/brasserie\/index.php\/wp-json\/wp\/v2\/comments?post=5225"}],"version-history":[{"count":21,"href":"https:\/\/www.restaurant-plagehulot.com\/brasserie\/index.php\/wp-json\/wp\/v2\/pages\/5225\/revisions"}],"predecessor-version":[{"id":5878,"href":"https:\/\/www.restaurant-plagehulot.com\/brasserie\/index.php\/wp-json\/wp\/v2\/pages\/5225\/revisions\/5878"}],"wp:featuredmedia":[{"embeddable":true,"href":"https:\/\/www.restaurant-plagehulot.com\/brasserie\/index.php\/wp-json\/wp\/v2\/media\/3337"}],"wp:attachment":[{"href":"https:\/\/www.restaurant-plagehulot.com\/brasserie\/index.php\/wp-json\/wp\/v2\/media?parent=5225"}],"curies":[{"name":"wp","href":"https:\/\/api.w.org\/{rel}","templated":true}]}}